{"id":13,"date":"2025-08-14T17:10:39","date_gmt":"2025-08-14T17:10:39","guid":{"rendered":"https:\/\/88vvvn.vip\/?page_id=13"},"modified":"2025-09-10T03:27:50","modified_gmt":"2025-09-10T03:27:50","slug":"trang-chu","status":"publish","type":"page","link":"https:\/\/88vvvn.vip\/","title":{"rendered":"Trang Ch\u1ee7"},"content":{"rendered":"\n<div class=\"slider-wrapper relative\" id=\"slider-2024141651\" >\n    <div class=\"slider slider-type-fade slider-nav-dots-dashes-spaced slider-nav-circle slider-nav-large slider-nav-light slider-style-normal\"\n        data-flickity-options='{\n            \"cellAlign\": \"center\",\n            \"imagesLoaded\": true,\n            \"lazyLoad\": 1,\n            \"freeScroll\": false,\n            \"wrapAround\": true,\n            \"autoPlay\": 3000,\n            \"pauseAutoPlayOnHover\" : true,\n            \"prevNextButtons\": true,\n            \"contain\" : true,\n            \"adaptiveHeight\" : true,\n            \"dragThreshold\" : 10,\n            \"percentPosition\": true,\n            \"pageDots\": true,\n            \"rightToLeft\": false,\n            \"draggable\": true,\n            \"selectedAttraction\": 0.1,\n            \"parallax\" : 0,\n            \"friction\": 0.6        }'\n        >\n        \n\n\t<div class=\"img has-hover img-banner x md-x lg-x y md-y lg-y\" id=\"image_1807690577\">\n\t\t\t\t\t\t\t\t<div class=\"img-inner dark\" >\n\t\t\t<img loading=\"lazy\" decoding=\"async\" width=\"1920\" height=\"660\" src=\"https:\/\/88vvvn.vip\/wp-content\/uploads\/2025\/09\/1.webp\" class=\"attachment-original size-original\" alt=\"\" srcset=\"https:\/\/88vvvn.vip\/wp-content\/uploads\/2025\/09\/1.webp 1920w, https:\/\/88vvvn.vip\/wp-content\/uploads\/2025\/09\/1-300x103.webp 300w, https:\/\/88vvvn.vip\/wp-content\/uploads\/2025\/09\/1-1024x352.webp 1024w, https:\/\/88vvvn.vip\/wp-content\/uploads\/2025\/09\/1-768x264.webp 768w, https:\/\/88vvvn.vip\/wp-content\/uploads\/2025\/09\/1-1536x528.webp 1536w\" sizes=\"auto, (max-width: 1920px) 100vw, 1920px\" \/>\t\t\t\t\t\t\n\t\t\t\t\t<\/div>\n\t\t\t\t\t\t\t\t\n<style>\n#image_1807690577 {\n  width: 100%;\n}\n<\/style>\n\t<\/div>\n\t\n\n\t<div class=\"img has-hover img-banner x md-x lg-x y md-y lg-y\" id=\"image_83948808\">\n\t\t\t\t\t\t\t\t<div class=\"img-inner dark\" >\n\t\t\t<img loading=\"lazy\" decoding=\"async\" width=\"1960\" height=\"600\" src=\"https:\/\/88vvvn.vip\/wp-content\/uploads\/2025\/09\/banner-88vvcomnet-2024.webp\" class=\"attachment-original size-original\" alt=\"\" srcset=\"https:\/\/88vvvn.vip\/wp-content\/uploads\/2025\/09\/banner-88vvcomnet-2024.webp 1960w, https:\/\/88vvvn.vip\/wp-content\/uploads\/2025\/09\/banner-88vvcomnet-2024-300x92.webp 300w, https:\/\/88vvvn.vip\/wp-content\/uploads\/2025\/09\/banner-88vvcomnet-2024-1024x313.webp 1024w, https:\/\/88vvvn.vip\/wp-content\/uploads\/2025\/09\/banner-88vvcomnet-2024-768x235.webp 768w, https:\/\/88vvvn.vip\/wp-content\/uploads\/2025\/09\/banner-88vvcomnet-2024-1536x470.webp 1536w\" sizes=\"auto, (max-width: 1960px) 100vw, 1960px\" \/>\t\t\t\t\t\t\n\t\t\t\t\t<\/div>\n\t\t\t\t\t\t\t\t\n<style>\n#image_83948808 {\n  width: 100%;\n}\n<\/style>\n\t<\/div>\n\t\n\n\t<div class=\"img has-hover img-banner x md-x lg-x y md-y lg-y\" id=\"image_576658650\">\n\t\t\t\t\t\t\t\t<div class=\"img-inner dark\" >\n\t\t\t<img loading=\"lazy\" decoding=\"async\" width=\"1920\" height=\"660\" src=\"https:\/\/88vvvn.vip\/wp-content\/uploads\/2025\/09\/2.webp\" class=\"attachment-original size-original\" alt=\"\" srcset=\"https:\/\/88vvvn.vip\/wp-content\/uploads\/2025\/09\/2.webp 1920w, https:\/\/88vvvn.vip\/wp-content\/uploads\/2025\/09\/2-300x103.webp 300w, https:\/\/88vvvn.vip\/wp-content\/uploads\/2025\/09\/2-1024x352.webp 1024w, https:\/\/88vvvn.vip\/wp-content\/uploads\/2025\/09\/2-768x264.webp 768w, https:\/\/88vvvn.vip\/wp-content\/uploads\/2025\/09\/2-1536x528.webp 1536w\" sizes=\"auto, (max-width: 1920px) 100vw, 1920px\" \/>\t\t\t\t\t\t\n\t\t\t\t\t<\/div>\n\t\t\t\t\t\t\t\t\n<style>\n#image_576658650 {\n  width: 100%;\n}\n<\/style>\n\t<\/div>\n\t\n\n\n     <\/div>\n\n     <div class=\"loading-spin dark large centered\"><\/div>\n\n\t<\/div>\n\n\n<div class=\"row\"  id=\"row-427315890\">\n\n\n\t<div id=\"col-2065316457\" class=\"col small-12 large-12\"  >\n\t\t\t\t<div class=\"col-inner text-center\"  >\n\t\t\t\n\t\t\t\n\n<div class=\"container section-title-container\" ><h1 class=\"section-title section-title-center\"><b><\/b><span class=\"section-title-main\" style=\"color:rgb(241, 0, 0);\">88vv \u2013 Link \u0110\u0103ng Nh\u1eadp \u0110\u0103ng K\u00fd Trang Ch\u1ee7 88vv.com Ch\u00ednh Th\u1ee9c 2025<\/span><b><\/b><\/h1><\/div>\n\n\t<div id=\"text-4070442826\" class=\"text\">\n\t\t\n\n<blockquote>\n<p><strong>N\u1ec1n t\u1ea3ng gi\u1ea3i tr\u00ed tr\u1ef1c tuy\u1ebfn <a href=\"https:\/\/file.de.com\/\" target=\"_blank\" rel=\"noopener\">88vv<\/a><\/strong> hi\u1ec7n \u0111ang \u0111\u01b0\u1ee3c xem l\u00e0 m\u1ed9t trong nh\u1eefng l\u1ef1a ch\u1ecdn h\u00e0ng \u0111\u1ea7u, cung c\u1ea5p \u0111\u1ea7y \u0111\u1ee7 c\u00e1c y\u1ebfu t\u1ed1 m\u00e0 ng\u01b0\u1eddi ch\u01a1i hi\u1ec7n \u0111\u1ea1i mong mu\u1ed1n. T\u1eeb giao di\u1ec7n th\u00e2n thi\u1ec7n, t\u1ed1c \u0111\u1ed9 n\u1ea1p v\u00e0 r\u00fat ti\u1ec1n nhanh ch\u00f3ng, \u0111\u1ebfn h\u1ec7 sinh th\u00e1i phong ph\u00fa bao g\u1ed3m c\u00e1 c\u01b0\u1ee3c th\u1ec3 thao tr\u1ef1c tuy\u1ebfn, game n\u1ed5 h\u0169 \u0111\u1ed5i th\u01b0\u1edfng, live casino, b\u1eafn c\u00e1, v\u00e0 nhi\u1ec1u h\u01a1n n\u1eefa.<\/p>\n<p>Nh\u00e0 c\u00e1i 88vv kh\u00f4ng ch\u1ec9 t\u1eadp trung v\u00e0o vi\u1ec7c n\u00e2ng cao tr\u1ea3i nghi\u1ec7m c\u1ee7a ng\u01b0\u1eddi d\u00f9ng m\u00e0 c\u00f2n ch\u00fa tr\u1ecdng \u0111\u1ebfn vi\u1ec7c b\u1ea3o v\u1ec7 th\u00f4ng tin c\u00e1 nh\u00e2n v\u00e0 \u0111\u1ea3m b\u1ea3o t\u00ednh minh b\u1ea1ch trong m\u1ecdi giao d\u1ecbch. H\u00e3y nhanh ch\u00f3ng truy c\u1eadp v\u00e0o trang ch\u1ee7 c\u1ee7a 88vv.com \u0111\u1ec3 kh\u00e1m ph\u00e1 l\u00fd do t\u1ea1i sao n\u1ec1n t\u1ea3ng n\u00e0y l\u1ea1i \u0111\u01b0\u1ee3c coi l\u00e0 s\u1ef1 l\u1ef1a ch\u1ecdn \u0111\u00e1ng tin c\u1eady gi\u1eefa v\u00f4 s\u1ed1 nh\u00e0 c\u00e1i hi\u1ec7n nay.<\/p>\n<\/blockquote>\n\n\t\t\n<style>\n#text-4070442826 {\n  text-align: left;\n}\n<\/style>\n\t<\/div>\n\t\n\n\t\t<\/div>\n\t\t\t\t\t<\/div>\n\n\t\n\n<\/div>\n<div class=\"row\"  id=\"row-227950213\">\n\n\n\t<div id=\"col-2117773605\" class=\"col sec-game-title p-0 small-12 large-12\"  >\n\t\t\t\t<div class=\"col-inner\"  >\n\t\t\t\n\t\t\t\n\n<div class=\"container section-title-container\" ><h1 class=\"section-title section-title-center\"><b><\/b><span class=\"section-title-main\" style=\"color:rgb(241, 0, 0);\">TIN T\u1ee8C HOT 88VV<\/span><b><\/b><\/h1><\/div>\n\n\n  \n    <div class=\"row large-columns-3 medium-columns-3 small-columns-2\" >\n  <div class=\"col post-item\" >\n\t\t\t<div class=\"col-inner\">\n\t\t\t\t<div class=\"box box-default box-text-bottom box-blog-post has-hover\">\n            \t\t\t\t\t<div class=\"box-image\" >\n  \t\t\t\t\t\t<div class=\"image-cover\" style=\"padding-top:56.25%;\">\n\t\t\t\t\t\t\t<a href=\"https:\/\/88vvvn.vip\/?p=617\" class=\"plain\" aria-label=\"\u0110\u0103ng k\u00fd NOHU90 \u2013 H\u01b0\u1edbng d\u1eabn tham gia c\u1ed5ng game ch\u1ec9 4 b\u01b0\u1edbc\">\n\t\t\t\t\t\t\t\t<img loading=\"lazy\" decoding=\"async\" width=\"300\" height=\"150\" src=\"https:\/\/88vvvn.vip\/wp-content\/uploads\/2025\/08\/no-hu-la-gi-ly-do-khien-nguoi-choi-me-man-gamesnohu90-768x384-1-300x150.jpeg\" class=\"attachment-medium size-medium wp-post-image\" alt=\"\" srcset=\"https:\/\/88vvvn.vip\/wp-content\/uploads\/2025\/08\/no-hu-la-gi-ly-do-khien-nguoi-choi-me-man-gamesnohu90-768x384-1-300x150.jpeg 300w, https:\/\/88vvvn.vip\/wp-content\/uploads\/2025\/08\/no-hu-la-gi-ly-do-khien-nguoi-choi-me-man-gamesnohu90-768x384-1.jpeg 768w\" sizes=\"auto, (max-width: 300px) 100vw, 300px\" \/>\t\t\t\t\t\t\t<\/a>\n  \t\t\t\t\t\t\t  \t\t\t\t\t\t\t  \t\t\t\t\t\t<\/div>\n  \t\t\t\t\t\t  \t\t\t\t\t<\/div>\n          \t\t\t\t\t<div class=\"box-text text-center\" >\n\t\t\t\t\t<div class=\"box-text-inner blog-post-inner\">\n\n\t\t\t\t\t\n\t\t\t\t\t\t\t\t\t\t<h5 class=\"post-title is-large \">\n\t\t\t\t\t\t<a href=\"https:\/\/88vvvn.vip\/?p=617\" class=\"plain\">\u0110\u0103ng k\u00fd NOHU90 \u2013 H\u01b0\u1edbng d\u1eabn tham gia c\u1ed5ng game ch\u1ec9 4 b\u01b0\u1edbc<\/a>\n\t\t\t\t\t<\/h5>\n\t\t\t\t\t\t\t\t\t\t<div class=\"is-divider\"><\/div>\n\t\t\t\t\t\t\t\t\t\t<p class=\"from_the_blog_excerpt \">\n\t\t\t\t\t\tB\u1ea1n \u0111ang mu\u1ed1n gia nh\u1eadp m\u1ed9t s\u00e2n ch\u01a1i gi\u1ea3i tr\u00ed tr\u1ef1c tuy\u1ebfn uy t\u00edn, h\u1ea5p [...]\t\t\t\t\t<\/p>\n\t\t\t\t\t                    \n\t\t\t\t\t\n\t\t\t\t\t\n\t\t\t\t\t<\/div>\n\t\t\t\t\t<\/div>\n\t\t\t\t\t\t\t\t\t\t\t\t\t\t\t\t<div class=\"badge absolute top post-date badge-outline\">\n\t\t\t\t\t\t\t<div class=\"badge-inner\">\n\t\t\t\t\t\t\t\t<span class=\"post-date-day\">08<\/span><br>\n\t\t\t\t\t\t\t\t<span class=\"post-date-month is-xsmall\">Th9<\/span>\n\t\t\t\t\t\t\t<\/div>\n\t\t\t\t\t\t<\/div>\n\t\t\t\t\t\t\t\t\t<\/div>\n\t\t\t<\/div>\n\t\t<\/div><div class=\"col post-item\" >\n\t\t\t<div class=\"col-inner\">\n\t\t\t\t<div class=\"box box-default box-text-bottom box-blog-post has-hover\">\n            \t\t\t\t\t<div class=\"box-image\" >\n  \t\t\t\t\t\t<div class=\"image-cover\" style=\"padding-top:56.25%;\">\n\t\t\t\t\t\t\t<a href=\"https:\/\/88vvvn.vip\/?p=618\" class=\"plain\" aria-label=\"Bao l\u00f4 l\u00e0 g\u00ec? C\u00e1c c\u00e1ch ch\u01a1i bao l\u00f4 hi\u1ec7u qu\u1ea3 nh\u1ea5t\">\n\t\t\t\t\t\t\t\t<img loading=\"lazy\" decoding=\"async\" width=\"300\" height=\"150\" src=\"https:\/\/88vvvn.vip\/wp-content\/uploads\/2025\/08\/no-hu-la-gi-ly-do-khien-nguoi-choi-me-man-gamesnohu90-768x384-1-300x150.jpeg\" class=\"attachment-medium size-medium wp-post-image\" alt=\"\" srcset=\"https:\/\/88vvvn.vip\/wp-content\/uploads\/2025\/08\/no-hu-la-gi-ly-do-khien-nguoi-choi-me-man-gamesnohu90-768x384-1-300x150.jpeg 300w, https:\/\/88vvvn.vip\/wp-content\/uploads\/2025\/08\/no-hu-la-gi-ly-do-khien-nguoi-choi-me-man-gamesnohu90-768x384-1.jpeg 768w\" sizes=\"auto, (max-width: 300px) 100vw, 300px\" \/>\t\t\t\t\t\t\t<\/a>\n  \t\t\t\t\t\t\t  \t\t\t\t\t\t\t  \t\t\t\t\t\t<\/div>\n  \t\t\t\t\t\t  \t\t\t\t\t<\/div>\n          \t\t\t\t\t<div class=\"box-text text-center\" >\n\t\t\t\t\t<div class=\"box-text-inner blog-post-inner\">\n\n\t\t\t\t\t\n\t\t\t\t\t\t\t\t\t\t<h5 class=\"post-title is-large \">\n\t\t\t\t\t\t<a href=\"https:\/\/88vvvn.vip\/?p=618\" class=\"plain\">Bao l\u00f4 l\u00e0 g\u00ec? C\u00e1c c\u00e1ch ch\u01a1i bao l\u00f4 hi\u1ec7u qu\u1ea3 nh\u1ea5t<\/a>\n\t\t\t\t\t<\/h5>\n\t\t\t\t\t\t\t\t\t\t<div class=\"is-divider\"><\/div>\n\t\t\t\t\t\t\t\t\t\t<p class=\"from_the_blog_excerpt \">\n\t\t\t\t\t\t06Th6 L\u00f4 \u0111\u1ec1 l\u00e0 m\u1ed9t tr\u00f2 ch\u01a1i ph\u1ed5 bi\u1ebfn v\u00e0 c\u00f3 h\u00e0ng ch\u1ee5c ph\u01b0\u01a1ng ph\u00e1p [...]\t\t\t\t\t<\/p>\n\t\t\t\t\t                    \n\t\t\t\t\t\n\t\t\t\t\t\n\t\t\t\t\t<\/div>\n\t\t\t\t\t<\/div>\n\t\t\t\t\t\t\t\t\t\t\t\t\t\t\t\t<div class=\"badge absolute top post-date badge-outline\">\n\t\t\t\t\t\t\t<div class=\"badge-inner\">\n\t\t\t\t\t\t\t\t<span class=\"post-date-day\">08<\/span><br>\n\t\t\t\t\t\t\t\t<span class=\"post-date-month is-xsmall\">Th9<\/span>\n\t\t\t\t\t\t\t<\/div>\n\t\t\t\t\t\t<\/div>\n\t\t\t\t\t\t\t\t\t<\/div>\n\t\t\t<\/div>\n\t\t<\/div><div class=\"col post-item\" >\n\t\t\t<div class=\"col-inner\">\n\t\t\t\t<div class=\"box box-default box-text-bottom box-blog-post has-hover\">\n            \t\t\t\t\t<div class=\"box-image\" >\n  \t\t\t\t\t\t<div class=\"image-cover\" style=\"padding-top:56.25%;\">\n\t\t\t\t\t\t\t<a href=\"https:\/\/88vvvn.vip\/?p=621\" class=\"plain\" aria-label=\"T\u00e0i X\u1ec9u N\u1ed5 H\u0169 \u2013 Game Online \u0110\u1ed5i Ti\u1ec1n Si\u00eau H\u1ea5p D\u1eabn 1\">\n\t\t\t\t\t\t\t\t<img loading=\"lazy\" decoding=\"async\" width=\"300\" height=\"150\" src=\"https:\/\/88vvvn.vip\/wp-content\/uploads\/2025\/08\/tai-xiu-no-hu-game-online-doi-tien-sieu-hap-dan-tai-gamesnohu90-768x384-1-300x150.jpeg\" class=\"attachment-medium size-medium wp-post-image\" alt=\"\" srcset=\"https:\/\/88vvvn.vip\/wp-content\/uploads\/2025\/08\/tai-xiu-no-hu-game-online-doi-tien-sieu-hap-dan-tai-gamesnohu90-768x384-1-300x150.jpeg 300w, https:\/\/88vvvn.vip\/wp-content\/uploads\/2025\/08\/tai-xiu-no-hu-game-online-doi-tien-sieu-hap-dan-tai-gamesnohu90-768x384-1.jpeg 768w\" sizes=\"auto, (max-width: 300px) 100vw, 300px\" \/>\t\t\t\t\t\t\t<\/a>\n  \t\t\t\t\t\t\t  \t\t\t\t\t\t\t  \t\t\t\t\t\t<\/div>\n  \t\t\t\t\t\t  \t\t\t\t\t<\/div>\n          \t\t\t\t\t<div class=\"box-text text-center\" >\n\t\t\t\t\t<div class=\"box-text-inner blog-post-inner\">\n\n\t\t\t\t\t\n\t\t\t\t\t\t\t\t\t\t<h5 class=\"post-title is-large \">\n\t\t\t\t\t\t<a href=\"https:\/\/88vvvn.vip\/?p=621\" class=\"plain\">T\u00e0i X\u1ec9u N\u1ed5 H\u0169 \u2013 Game Online \u0110\u1ed5i Ti\u1ec1n Si\u00eau H\u1ea5p D\u1eabn 1<\/a>\n\t\t\t\t\t<\/h5>\n\t\t\t\t\t\t\t\t\t\t<div class=\"is-divider\"><\/div>\n\t\t\t\t\t\t\t\t\t\t<p class=\"from_the_blog_excerpt \">\n\t\t\t\t\t\t06Th6 L\u00f4 \u0111\u1ec1 l\u00e0 m\u1ed9t tr\u00f2 ch\u01a1i ph\u1ed5 bi\u1ebfn v\u00e0 c\u00f3 h\u00e0ng ch\u1ee5c ph\u01b0\u01a1ng ph\u00e1p [...]\t\t\t\t\t<\/p>\n\t\t\t\t\t                    \n\t\t\t\t\t\n\t\t\t\t\t\n\t\t\t\t\t<\/div>\n\t\t\t\t\t<\/div>\n\t\t\t\t\t\t\t\t\t\t\t\t\t\t\t\t<div class=\"badge absolute top post-date badge-outline\">\n\t\t\t\t\t\t\t<div class=\"badge-inner\">\n\t\t\t\t\t\t\t\t<span class=\"post-date-day\">08<\/span><br>\n\t\t\t\t\t\t\t\t<span class=\"post-date-month is-xsmall\">Th9<\/span>\n\t\t\t\t\t\t\t<\/div>\n\t\t\t\t\t\t<\/div>\n\t\t\t\t\t\t\t\t\t<\/div>\n\t\t\t<\/div>\n\t\t<\/div><div class=\"col post-item\" >\n\t\t\t<div class=\"col-inner\">\n\t\t\t\t<div class=\"box box-default box-text-bottom box-blog-post has-hover\">\n            \t\t\t\t\t<div class=\"box-image\" >\n  \t\t\t\t\t\t<div class=\"image-cover\" style=\"padding-top:56.25%;\">\n\t\t\t\t\t\t\t<a href=\"https:\/\/88vvvn.vip\/?p=620\" class=\"plain\" aria-label=\"T\u00e0i X\u1ec9u N\u1ed5 H\u0169 \u2013 Game Online \u0110\u1ed5i Ti\u1ec1n Si\u00eau H\u1ea5p D\u1eabn\">\n\t\t\t\t\t\t\t\t<img loading=\"lazy\" decoding=\"async\" width=\"300\" height=\"150\" src=\"https:\/\/88vvvn.vip\/wp-content\/uploads\/2025\/08\/no-hu-la-gi-ly-do-khien-nguoi-choi-me-man-gamesnohu90-768x384-1-300x150.jpeg\" class=\"attachment-medium size-medium wp-post-image\" alt=\"\" srcset=\"https:\/\/88vvvn.vip\/wp-content\/uploads\/2025\/08\/no-hu-la-gi-ly-do-khien-nguoi-choi-me-man-gamesnohu90-768x384-1-300x150.jpeg 300w, https:\/\/88vvvn.vip\/wp-content\/uploads\/2025\/08\/no-hu-la-gi-ly-do-khien-nguoi-choi-me-man-gamesnohu90-768x384-1.jpeg 768w\" sizes=\"auto, (max-width: 300px) 100vw, 300px\" \/>\t\t\t\t\t\t\t<\/a>\n  \t\t\t\t\t\t\t  \t\t\t\t\t\t\t  \t\t\t\t\t\t<\/div>\n  \t\t\t\t\t\t  \t\t\t\t\t<\/div>\n          \t\t\t\t\t<div class=\"box-text text-center\" >\n\t\t\t\t\t<div class=\"box-text-inner blog-post-inner\">\n\n\t\t\t\t\t\n\t\t\t\t\t\t\t\t\t\t<h5 class=\"post-title is-large \">\n\t\t\t\t\t\t<a href=\"https:\/\/88vvvn.vip\/?p=620\" class=\"plain\">T\u00e0i X\u1ec9u N\u1ed5 H\u0169 \u2013 Game Online \u0110\u1ed5i Ti\u1ec1n Si\u00eau H\u1ea5p D\u1eabn<\/a>\n\t\t\t\t\t<\/h5>\n\t\t\t\t\t\t\t\t\t\t<div class=\"is-divider\"><\/div>\n\t\t\t\t\t\t\t\t\t\t<p class=\"from_the_blog_excerpt \">\n\t\t\t\t\t\t06Th6 L\u00f4 \u0111\u1ec1 l\u00e0 m\u1ed9t tr\u00f2 ch\u01a1i ph\u1ed5 bi\u1ebfn v\u00e0 c\u00f3 h\u00e0ng ch\u1ee5c ph\u01b0\u01a1ng ph\u00e1p [...]\t\t\t\t\t<\/p>\n\t\t\t\t\t                    \n\t\t\t\t\t\n\t\t\t\t\t\n\t\t\t\t\t<\/div>\n\t\t\t\t\t<\/div>\n\t\t\t\t\t\t\t\t\t\t\t\t\t\t\t\t<div class=\"badge absolute top post-date badge-outline\">\n\t\t\t\t\t\t\t<div class=\"badge-inner\">\n\t\t\t\t\t\t\t\t<span class=\"post-date-day\">08<\/span><br>\n\t\t\t\t\t\t\t\t<span class=\"post-date-month is-xsmall\">Th9<\/span>\n\t\t\t\t\t\t\t<\/div>\n\t\t\t\t\t\t<\/div>\n\t\t\t\t\t\t\t\t\t<\/div>\n\t\t\t<\/div>\n\t\t<\/div><div class=\"col post-item\" >\n\t\t\t<div class=\"col-inner\">\n\t\t\t\t<div class=\"box box-default box-text-bottom box-blog-post has-hover\">\n            \t\t\t\t\t<div class=\"box-image\" >\n  \t\t\t\t\t\t<div class=\"image-cover\" style=\"padding-top:56.25%;\">\n\t\t\t\t\t\t\t<a href=\"https:\/\/88vvvn.vip\/?p=619\" class=\"plain\" aria-label=\"H\u00e9 l\u1ed9 36 c\u00e1ch t\u00ednh l\u00f4 \u0111\u1ec1 \u0111\u01b0\u1ee3c \u00e1p d\u1ee5ng nhi\u1ec1u nh\u1ea5t hi\u1ec7n nay\">\n\t\t\t\t\t\t\t\t<img loading=\"lazy\" decoding=\"async\" width=\"300\" height=\"150\" src=\"https:\/\/88vvvn.vip\/wp-content\/uploads\/2025\/08\/tai-xiu-no-hu-game-online-doi-tien-sieu-hap-dan-tai-gamesnohu90-768x384-1-300x150.jpeg\" class=\"attachment-medium size-medium wp-post-image\" alt=\"\" srcset=\"https:\/\/88vvvn.vip\/wp-content\/uploads\/2025\/08\/tai-xiu-no-hu-game-online-doi-tien-sieu-hap-dan-tai-gamesnohu90-768x384-1-300x150.jpeg 300w, https:\/\/88vvvn.vip\/wp-content\/uploads\/2025\/08\/tai-xiu-no-hu-game-online-doi-tien-sieu-hap-dan-tai-gamesnohu90-768x384-1.jpeg 768w\" sizes=\"auto, (max-width: 300px) 100vw, 300px\" \/>\t\t\t\t\t\t\t<\/a>\n  \t\t\t\t\t\t\t  \t\t\t\t\t\t\t  \t\t\t\t\t\t<\/div>\n  \t\t\t\t\t\t  \t\t\t\t\t<\/div>\n          \t\t\t\t\t<div class=\"box-text text-center\" >\n\t\t\t\t\t<div class=\"box-text-inner blog-post-inner\">\n\n\t\t\t\t\t\n\t\t\t\t\t\t\t\t\t\t<h5 class=\"post-title is-large \">\n\t\t\t\t\t\t<a href=\"https:\/\/88vvvn.vip\/?p=619\" class=\"plain\">H\u00e9 l\u1ed9 36 c\u00e1ch t\u00ednh l\u00f4 \u0111\u1ec1 \u0111\u01b0\u1ee3c \u00e1p d\u1ee5ng nhi\u1ec1u nh\u1ea5t hi\u1ec7n nay<\/a>\n\t\t\t\t\t<\/h5>\n\t\t\t\t\t\t\t\t\t\t<div class=\"is-divider\"><\/div>\n\t\t\t\t\t\t\t\t\t\t<p class=\"from_the_blog_excerpt \">\n\t\t\t\t\t\t06Th6 L\u00f4 \u0111\u1ec1 l\u00e0 m\u1ed9t tr\u00f2 ch\u01a1i ph\u1ed5 bi\u1ebfn v\u00e0 c\u00f3 h\u00e0ng ch\u1ee5c ph\u01b0\u01a1ng ph\u00e1p [...]\t\t\t\t\t<\/p>\n\t\t\t\t\t                    \n\t\t\t\t\t\n\t\t\t\t\t\n\t\t\t\t\t<\/div>\n\t\t\t\t\t<\/div>\n\t\t\t\t\t\t\t\t\t\t\t\t\t\t\t\t<div class=\"badge absolute top post-date badge-outline\">\n\t\t\t\t\t\t\t<div class=\"badge-inner\">\n\t\t\t\t\t\t\t\t<span class=\"post-date-day\">08<\/span><br>\n\t\t\t\t\t\t\t\t<span class=\"post-date-month is-xsmall\">Th9<\/span>\n\t\t\t\t\t\t\t<\/div>\n\t\t\t\t\t\t<\/div>\n\t\t\t\t\t\t\t\t\t<\/div>\n\t\t\t<\/div>\n\t\t<\/div><div class=\"col post-item\" >\n\t\t\t<div class=\"col-inner\">\n\t\t\t\t<div class=\"box box-default box-text-bottom box-blog-post has-hover\">\n          \t\t\t\t\t<div class=\"box-text text-center\" >\n\t\t\t\t\t<div class=\"box-text-inner blog-post-inner\">\n\n\t\t\t\t\t\n\t\t\t\t\t\t\t\t\t\t<h5 class=\"post-title is-large \">\n\t\t\t\t\t\t<a href=\"https:\/\/88vvvn.vip\/?p=1\" class=\"plain\">Hello world!<\/a>\n\t\t\t\t\t<\/h5>\n\t\t\t\t\t<div class=\"post-meta is-small op-8\">Th\u00e1ng 8 13, 2025<\/div>\t\t\t\t\t<div class=\"is-divider\"><\/div>\n\t\t\t\t\t\t\t\t\t\t<p class=\"from_the_blog_excerpt \">\n\t\t\t\t\t\tWelcome to WordPress. This is your first post. Edit or delete it, then start writing!\t\t\t\t\t<\/p>\n\t\t\t\t\t                    \n\t\t\t\t\t\n\t\t\t\t\t\n\t\t\t\t\t<\/div>\n\t\t\t\t\t<\/div>\n\t\t\t\t\t\t\t\t\t<\/div>\n\t\t\t<\/div>\n\t\t<\/div><\/div>\n\n\n\t\t<\/div>\n\t\t\t\t\t<\/div>\n\n\t\n\n<\/div>\n\n","protected":false},"excerpt":{"rendered":"","protected":false},"author":2,"featured_media":0,"parent":0,"menu_order":0,"comment_status":"closed","ping_status":"closed","template":"","meta":{"footnotes":""},"class_list":["post-13","page","type-page","status-publish","hentry"],"_links":{"self":[{"href":"https:\/\/88vvvn.vip\/index.php?rest_route=\/wp\/v2\/pages\/13","targetHints":{"allow":["GET"]}}],"collection":[{"href":"https:\/\/88vvvn.vip\/index.php?rest_route=\/wp\/v2\/pages"}],"about":[{"href":"https:\/\/88vvvn.vip\/index.php?rest_route=\/wp\/v2\/types\/page"}],"author":[{"embeddable":true,"href":"https:\/\/88vvvn.vip\/index.php?rest_route=\/wp\/v2\/users\/2"}],"replies":[{"embeddable":true,"href":"https:\/\/88vvvn.vip\/index.php?rest_route=%2Fwp%2Fv2%2Fcomments&post=13"}],"version-history":[{"count":48,"href":"https:\/\/88vvvn.vip\/index.php?rest_route=\/wp\/v2\/pages\/13\/revisions"}],"predecessor-version":[{"id":657,"href":"https:\/\/88vvvn.vip\/index.php?rest_route=\/wp\/v2\/pages\/13\/revisions\/657"}],"wp:attachment":[{"href":"https:\/\/88vvvn.vip\/index.php?rest_route=%2Fwp%2Fv2%2Fmedia&parent=13"}],"curies":[{"name":"wp","href":"https:\/\/api.w.org\/{rel}","templated":true}]}}